{"id":6884,"date":"2023-03-02T16:08:45","date_gmt":"2023-03-02T16:08:45","guid":{"rendered":"https:\/\/unidospadel.com\/?post_type=product&#038;p=6884"},"modified":"2026-02-02T00:55:55","modified_gmt":"2026-02-02T00:55:55","slug":"racket-shirt-white-left-player","status":"publish","type":"product","link":"https:\/\/unidospadel.com\/nl\/product\/racket-shirt-white-left-player\/","title":{"rendered":"Racket Shirt Wit | Linkerspeler"},"content":{"rendered":"","protected":false},"excerpt":{"rendered":"<h4>Design<\/h4>\n<p>Een outfit bestaande uit \u00e9\u00e9n van de essenti\u00eble elementen van onze sport. Het minimalistische ontwerp van het kleine racket is opgebouwd uit de verschillende perspectieven van de wanden rond het padelveld.<\/p>\n<p>De merkdetails op de mouw cre\u00ebren eenheid als je het samen draagt, omdat je Unidos vormt wanneer je naast elkaar staat.<\/p>\n<p>*Dit shirt is ontworpen voor de linkerspeler.<\/p>\n<h4>Productinfo<\/h4>\n<p>Onze shirts en shorten voor tennis en padel zijn gemaakt van polyamide en elastaan. De <a href=\"https:\/\/www.nanostitchfabrics.com\/\">NanoStitch-<\/a> stoffen garanderen maximaal comfort en prestaties door hun sterkte, duurzaamheid en zacht gevoel.<\/p>\n<p>De Emana-vezel zet de warmte van het menselijk lichaam om in infraroodstralen en geeft deze weer af aan de huid. Het elastaan verhoogt de elasticiteit zonder vormverlies en zorgt ervoor dat je helemaal vrij kunt bewegen.<\/p>\n<p>Onze stoffen worden geproduceerd in een <a href=\"https:\/\/www.oeko-tex.com\/en\/apply-here\/oeko-tex-step\">STeP-omgeving<\/a> en zijn bijgevolg duurzaam.<\/p>\n<h4>Extra info<\/h4>\n<p><strong>Materiaal<\/strong><br \/>\n80% Polyamide, 20% Elastaan.<\/p>\n<p><strong><br> Wasinstructies <br><\/strong><br \/>\n<img decoding=\"async\" class=\"washcare-img\" src=\"https:\/\/unidospadel.com\/wp-content\/uploads\/2022\/01\/Wahcare-info-300x77.png\" alt=\"\" \/><\/p>","protected":false},"featured_media":7108,"comment_status":"open","ping_status":"closed","template":"","meta":{"_acf_changed":false,"_glsr_average":0,"_glsr_ranking":0,"_glsr_reviews":0},"product_brand":[],"product_cat":[123,126],"product_tag":[],"class_list":{"0":"post-6884","1":"product","2":"type-product","3":"status-publish","4":"has-post-thumbnail","6":"product_cat-left-player","7":"product_cat-t-shirt-left","9":"first","10":"instock","11":"sale","12":"taxable","13":"shipping-taxable","14":"purchasable","15":"product-type-variable","16":"has-default-attributes"},"bundled_by":["6820"],"bundle_stock_status":"instock","bundle_stock_quantity":null,"bundle_virtual":false,"bundle_layout":"","bundle_add_to_cart_form_location":"","bundle_editable_in_cart":false,"bundle_sold_individually_context":"","bundle_item_grouping":"","bundle_min_size":"","bundle_max_size":"","bundle_price":[],"bundled_items":[],"bundle_sell_ids":[],"acf":[],"jetpack_sharing_enabled":true,"_links":{"self":[{"href":"https:\/\/unidospadel.com\/nl\/wp-json\/wp\/v2\/product\/6884","targetHints":{"allow":["GET"]}}],"collection":[{"href":"https:\/\/unidospadel.com\/nl\/wp-json\/wp\/v2\/product"}],"about":[{"href":"https:\/\/unidospadel.com\/nl\/wp-json\/wp\/v2\/types\/product"}],"replies":[{"embeddable":true,"href":"https:\/\/unidospadel.com\/nl\/wp-json\/wp\/v2\/comments?post=6884"}],"wp:featuredmedia":[{"embeddable":true,"href":"https:\/\/unidospadel.com\/nl\/wp-json\/wp\/v2\/media\/7108"}],"wp:attachment":[{"href":"https:\/\/unidospadel.com\/nl\/wp-json\/wp\/v2\/media?parent=6884"}],"wp:term":[{"taxonomy":"product_brand","embeddable":true,"href":"https:\/\/unidospadel.com\/nl\/wp-json\/wp\/v2\/product_brand?post=6884"},{"taxonomy":"product_cat","embeddable":true,"href":"https:\/\/unidospadel.com\/nl\/wp-json\/wp\/v2\/product_cat?post=6884"},{"taxonomy":"product_tag","embeddable":true,"href":"https:\/\/unidospadel.com\/nl\/wp-json\/wp\/v2\/product_tag?post=6884"}],"curies":[{"name":"wp","href":"https:\/\/api.w.org\/{rel}","templated":true}]}}